{"id":5765,"date":"2021-12-22T16:41:19","date_gmt":"2021-12-22T16:41:19","guid":{"rendered":"http:\/\/gea-abp.mx\/?page_id=5765"},"modified":"2026-02-17T19:05:48","modified_gmt":"2026-02-17T19:05:48","slug":"aviso-de-privacidad","status":"publish","type":"page","link":"https:\/\/gea-abp.mx\/index.php\/aviso-de-privacidad\/","title":{"rendered":"Aviso de privacidad"},"content":{"rendered":"<div class=\"brz-root__container brz-reset-all brz\">\n<section id=\"ytwzsvaqhzlecdfcswvowywqcmbhyuedckav\" class=\"brz-section brz-css-jSTbx\">\n<div class=\"brz-section__content brz-section--boxed brz-css-kxQ_P brz-css-xvUpy\" data-brz-custom-id=\"qvmwlrejtgqcofsufsnvqmftdwmibiczdshj\">\n<div class=\"brz-bg\">\n<div class=\"brz-bg-image\"><\/div>\n<div class=\"brz-bg-color\"><\/div>\n<\/div>\n<div class=\"brz-container brz-css-oBqrl\">\n<div id=\"\" data-brz-iteration-count=\"1\" class=\"brz-css-vu9EI brz-wrapper brz-animated brz-css-kupeP brz-css-zEELT\" data-animationid=\"gnglfycubqvabavvrzrussnzznmwizurkwau\">\n<div class=\"brz-image brz-css-mpYPE\" data-brz-custom-id=\"mvvpskzfwgcoksqlmpitvlyfextfsntpbvax\"><img decoding=\"async\" class=\"brz-img\" src=\"https:\/\/gea-abp.mx\/wp-content\/uploads\/brizy\/imgs\/GEA-logo-blanco-01-129x122x0x6x129x110x1579817206.png\" alt=\"\" loading=\"lazy\"><\/div>\n<\/div>\n<div id=\"\" class=\"brz-css-vu9EI brz-css-pMhlc brz-wrapper\">\n<div class=\"brz-rich-text brz-rich-text__custom brz-css-gYow3\" data-brz-custom-id=\"mgxzojjurbfsvzdhoxxbucngihgmgwcpnoqm\">\n<div data-brz-translate-text=\"1\">\n<h2 class=\"brz-text-lg-center brz-lh-lg-1_3 brz-lh-sm-1_2 brz-lh-xs-1_3 brz-ls-lg-m_1_5 brz-ls-sm-m_1 brz-ls-xs-m_1 brz-ff-overpass brz-ft-google brz-fw-lg-700 brz-fw-sm-700 brz-fw-xs-700 brz-fs-lg-57 brz-fs-sm-51 brz-fs-xs-49 brz-css-gchFT\" data-uniq-id=\"ijofe\" data-generated-css=\"brz-css-rkdnn\"><span>Aviso de privacidad<\/span><\/h2>\n<\/div>\n<\/div>\n<\/div>\n<div id=\"\" class=\"brz-css-vu9EI brz-css-we_8n brz-wrapper\">\n<div class=\"brz-spacer brz-css-gJ071 brz-css-lnoWs\"><\/div>\n<\/div>\n<\/div>\n<\/div>\n<\/section>\n<section id=\"knaanansxxvfwddjjpyvtvhpnnxehlmrjutp\" class=\"brz-section brz-css-jSTbx\">\n<div class=\"brz-section__content brz-section--boxed brz-css-kxQ_P brz-css-jRCCH\" data-brz-custom-id=\"zurrdbrpbmvblakgqgwplcuzyuiubirklubw\">\n<div class=\"brz-bg\">\n<div class=\"brz-bg-image\"><\/div>\n<\/div>\n<div class=\"brz-container brz-css-oBqrl\">\n<div id=\"\" class=\"brz-css-vu9EI brz-wrapper\">\n<div class=\"brz-rich-text brz-rich-text__custom brz-css-gYow3\" data-brz-custom-id=\"mpdfdtxbhhjhpdtltektagaucrblymocmrwe\">\n<div data-brz-translate-text=\"1\">\n<p class=\"brz-fs-xs-im-45 brz-fs-sm-im-45 brz-fs-lg-45 brz-text-lg-center brz-ff-blinker brz-ft-google brz-fw-lg-400 brz-fw-sm-im-400 brz-fw-xs-im-400 brz-lh-lg-1_2 brz-lh-sm-im-1 brz-lh-xs-im-1 brz-ls-lg-3_5 brz-ls-sm-im-7 brz-ls-xs-im-7 brz-css-aqA2Z\"><strong class=\"brz-cp-color8\"><span>GEA BIODEGRADABLES<\/span><\/strong><\/p>\n<p class=\"brz-text-lg-center brz-lh-lg-1_2 brz-lh-sm-im-1 brz-lh-xs-im-1 brz-fs-lg-34 brz-fs-sm-im-34 brz-fs-xs-im-34 brz-ls-lg-0 brz-ls-sm-im-0 brz-ls-xs-im-0 brz-fw-lg-400 brz-fw-sm-im-400 brz-fw-xs-im-400 brz-ff-blinker brz-ft-google brz-css-eeOe4\"><span class=\"brz-cp-color8\"><span>Soluciones para la industria del pl\u00e1stico <\/span><\/span><\/p>\n<\/div>\n<\/div>\n<\/div>\n<\/div>\n<\/div>\n<\/section>\n<section id=\"ntsjbxbgsjessfanyhzvtvduyoascuzovfvh\" class=\"brz-section brz-css-jSTbx\">\n<div class=\"brz-section__content brz-section--boxed brz-css-kxQ_P brz-css-p0vpN\" data-brz-custom-id=\"cngypyoztydimjpiqzoyjjuizkubinuriuiq\">\n<div class=\"brz-container brz-css-oBqrl\">\n<div id=\"\" class=\"brz-css-vu9EI brz-wrapper\">\n<div class=\"brz-rich-text brz-rich-text__custom brz-css-gYow3\" data-brz-custom-id=\"rmuphwqqsddwvzuljwzorsrjmmpdermbgbqw\">\n<div data-brz-translate-text=\"1\">\n<p class=\"brz-fs-xs-im-26 brz-fs-sm-im-26 brz-fs-lg-26 brz-ft-google brz-ff-blinker brz-ls-xs-im-0 brz-ls-sm-im-0 brz-ls-lg-0 brz-text-lg-center brz-fw-lg-600 brz-fw-sm-im-600 brz-fw-xs-im-600 brz-lh-sm-im-1 brz-lh-xs-im-1 brz-lh-lg-1_2 brz-css-mGp1O\"><span><span>ESTAS A UN PASO DE HACER TUS PRODUCTOS DE PL\u00c1STICO BIODEGRADABLES<\/span><\/span><\/p>\n<p class=\"brz-ft-google brz-ff-blinker brz-ls-xs-im-0 brz-ls-sm-im-0 brz-ls-lg-0 brz-text-lg-center brz-fw-lg-600 brz-fw-sm-im-600 brz-fw-xs-im-600 brz-fs-lg-43 brz-fs-sm-im-43 brz-fs-xs-im-43 brz-lh-sm-im-1 brz-lh-xs-im-1 brz-lh-lg-1_2 brz-css-bx7oN\"><span><span>HAGAMOS SINERGIA <\/span><\/span><\/p>\n<\/div>\n<\/div>\n<\/div>\n<div id=\"\" class=\"brz-css-vu9EI brz-wrapper\">\n<div class=\"brz-line brz-line-default brz-css-bdv7u brz-css-s05_D\" data-brz-custom-id=\"iauwbtmcwcvxgkdmwijzfychowcamspdmzhb\">\n<hr class=\"brz-hr\"><\/div>\n<\/div>\n<div class=\"brz-row__container brz-css-egba6\" data-brz-custom-id=\"eslamivnfziwtgstevzfnnevynectvfdjyyc\">\n<div class=\"brz-bg\"><\/div>\n<div class=\"brz-row brz-css-iw2XE brz-css-sTZ4G\">\n<div class=\"brz-columns brz-css-heeto brz-css-yOkDL\" data-brz-custom-id=\"klxnremwsvsdmgerehdqpjtxmmxdeyttuhgn\">\n<div class=\"brz-bg\"><\/div>\n<div class=\"brz-column__items brz-css-oFdls\">\n<div id=\"\" class=\"brz-css-vu9EI brz-wrapper\">\n<div class=\"brz-rich-text brz-rich-text__custom brz-css-gYow3\" data-brz-custom-id=\"pemfoyotizieesisesycpriltyglmfcvbdjt\">\n<div data-brz-translate-text=\"1\">\n<p class=\"brz-tp-lg-paragraph brz-text-lg-justify brz-css-prg0q\" data-uniq-id=\"bnmwh\" data-generated-css=\"brz-css-ylvlj\">Este Aviso de Privacidad, tiene por objeto proporcionarle una visi\u00f3n clara de c\u00f3mo usamos los datos personales que el titular de datos personales (en adelante \u201cUsted\u201d) nos proporciona, nuestros esfuerzos por protegerlos, las opciones que tiene para controlar sus datos personales y proteger su privacidad. Asimismo, describe qu\u00e9 tipo de datos personales recopilamos sobre usted cuando visita nuestro sitio web y confirmar que utilizamos los datos personales que comparte con nosotros, para hacer que tanto nuestros productos y servicios como su experiencia sean cada vez mejores.<\/p>\n<p data-uniq-id=\"tagbq\" data-generated-css=\"brz-css-kqzbq\" class=\"brz-tp-lg-paragraph brz-text-lg-justify brz-css-oL4FQ\"><\/p>\n<p class=\"brz-tp-lg-paragraph brz-text-lg-justify brz-css-mvFHk\" data-uniq-id=\"kbomx\" data-generated-css=\"brz-css-wzhqu\">En cumplimiento por lo dispuesto por los art\u00edculos 15, 16 y 43 fracci\u00f3n III de la Ley Federal de Protecci\u00f3n de Datos Personales en Posesi\u00f3n de los Particulares, y del art\u00edculo 23 de su Reglamento, as\u00ed como de conformidad con los Lineamientos del Aviso de Privacidad publicados en el Diario Oficial de la Federaci\u00f3n el 17 de enero de 2013, se informa lo siguiente:<\/p>\n<p class=\"brz-tp-lg-paragraph brz-text-lg-center brz-css-lyutg\" data-uniq-id=\"uwway\" data-generated-css=\"brz-css-dzlii\"><strong>IDENTIDAD Y DOMICILIO DEL RESPONSABLE<\/strong><\/p>\n<p class=\"brz-tp-lg-paragraph brz-text-lg-center brz-css-gSj41\" data-uniq-id=\"qizpu\" data-generated-css=\"brz-css-dbazs\"> <strong>www.gea-abp.mx<\/strong><\/p>\n<p class=\"brz-tp-lg-paragraph brz-text-lg-justify brz-css-ymC3D\" data-uniq-id=\"qjree\" data-generated-css=\"brz-css-wsrux\">Av. Constituyentes 908, Piso 1, Col. Lomas Altas, Alcald\u00eda Miguel Hidalgo, Ciudad de M\u00e9xico, C.P. 11950, es responsable del tratamiento de sus datos personales, del uso que se le d\u00e9 a los mismos y de su protecci\u00f3n.<\/p>\n<p class=\"brz-tp-lg-paragraph brz-text-lg-center brz-css-sxLWT\" data-uniq-id=\"xiwnv\" data-generated-css=\"brz-css-unxiz\"><strong>FINALIDADES DEL TRATAMIENTO DE DATOS<\/strong><\/p>\n<p class=\"brz-tp-lg-paragraph brz-text-lg-justify brz-css-lQ0bK\" data-uniq-id=\"grjsm\" data-generated-css=\"brz-css-sagbf\"><\/p>\n<p class=\"brz-tp-lg-paragraph brz-text-lg-justify brz-css-q4s9Q\" data-uniq-id=\"grjsm\" data-generated-css=\"brz-css-sagbf\">\u2022 Para temas laborales (reclutamiento, contrataci\u00f3n de personal, etc.)<\/p>\n<p class=\"brz-tp-lg-paragraph brz-text-lg-justify brz-css-xGkfT\" data-uniq-id=\"wymsm\" data-generated-css=\"brz-css-wmfrg\">\u2022 Proveer servicios y productos requeridos.<\/p>\n<p class=\"brz-tp-lg-paragraph brz-text-lg-justify brz-css-gOvX4\" data-uniq-id=\"nmcsc\" data-generated-css=\"brz-css-knffl\">\u2022 Informar sobre nuevos productos o servicios.<\/p>\n<p class=\"brz-tp-lg-paragraph brz-text-lg-justify brz-css-jlic6\" data-uniq-id=\"uddzs\" data-generated-css=\"brz-css-rykab\">\u2022 Dar cumplimiento a obligaciones contra\u00eddas con nuestros clientes y proveedores.<\/p>\n<p class=\"brz-tp-lg-paragraph brz-text-lg-justify brz-css-tO1LY\" data-uniq-id=\"kdfpr\" data-generated-css=\"brz-css-cfzqy\">\u2022 Informar sobre cambios de nuestros productos o servicios.<\/p>\n<p class=\"brz-tp-lg-paragraph brz-text-lg-justify brz-css-nVoYZ\" data-uniq-id=\"helre\" data-generated-css=\"brz-css-slrrk\">\u2022 Evaluar la calidad del servicio.<\/p>\n<p class=\"brz-tp-lg-paragraph brz-text-lg-justify brz-css-m9Rdn\" data-uniq-id=\"wjzyi\" data-generated-css=\"brz-css-hheik\">\u2022 Para fines estad\u00edsticos.<\/p>\n<p class=\"brz-tp-lg-paragraph brz-text-lg-justify brz-css-vzuAq\" data-uniq-id=\"tuoxq\" data-generated-css=\"brz-css-yytbw\">\u2022 Para convenios en general y\/o de confidencialidad.<\/p>\n<p class=\"brz-tp-lg-paragraph brz-text-lg-justify brz-css-iCr9D\" data-uniq-id=\"uqvzx\" data-generated-css=\"brz-css-slbgk\"><\/p>\n<p class=\"brz-tp-lg-paragraph brz-text-lg-justify brz-css-lfzml\" data-uniq-id=\"feowp\" data-generated-css=\"brz-css-cofpi\">A continuaci\u00f3n, se\u00f1alamos los datos que podremos recabar de usted como consumidor y posible consumidor:<\/p>\n<p class=\"brz-tp-lg-paragraph brz-text-lg-justify brz-css-vMdrp\" data-uniq-id=\"ipvoa\" data-generated-css=\"brz-css-waihh\"><strong> <\/strong><\/p>\n<p class=\"brz-tp-lg-paragraph brz-text-lg-justify brz-css-p7hi1\" data-uniq-id=\"ipvoa\" data-generated-css=\"brz-css-waihh\"><strong>GEA BIODEGRADABLES, S. DE R.L. DE C.V.<\/strong>, (en adelante GEA) con domicilio en<\/p>\n<p class=\"brz-tp-lg-paragraph brz-text-lg-justify brz-css-mkmY2\" data-uniq-id=\"sbwof\" data-generated-css=\"brz-css-vibqx\">\n<p class=\"brz-tp-lg-paragraph brz-text-lg-justify brz-css-lBVTB\" data-uniq-id=\"sbwof\" data-generated-css=\"brz-css-vibqx\">Los datos personales y personales sensibles de nuestros consumidores y  posibles consumidores (en adelante \u201cdatos personales\u201d), son tratados de forma estrictamente privada y confidencial, por lo que la obtenci\u00f3n, tratamiento, transferencia y ejercicio de los derechos derivados de dichos datos personales, se hace mediante un uso adecuado, leg\u00edtimo y l\u00edcito, salvaguardando permanentemente los principios de licitud, consentimiento, calidad, informaci\u00f3n, proporcionalidad, responsabilidad, lealtad y finalidad, de conformidad con lo dispuesto por los art\u00edculos 3, 6 y 14 de la Ley Federal de Protecci\u00f3n de Datos Personales en Posesi\u00f3n de los Particulares, asimismo el art\u00edculo 9 de su Reglamento y disposiciones secundarias.<\/p>\n<p class=\"brz-tp-lg-paragraph brz-text-lg-justify brz-css-mAbjN\" data-uniq-id=\"vqcpy\" data-generated-css=\"brz-css-khnyl\">\n<p class=\"brz-tp-lg-paragraph brz-text-lg-justify brz-css-fn9fd\" data-uniq-id=\"vqcpy\" data-generated-css=\"brz-css-khnyl\">En <strong>GEA<\/strong> estamos comprometidos con salvaguardar la privacidad de sus datos personales y mantener una relaci\u00f3n estrecha y activa con nuestros consumidores y posibles consumidores. Los datos personales que recabamos de usted ser\u00e1n utilizados para las siguientes finalidades, las cuales son necesarias para concretar nuestra relaci\u00f3n con usted, as\u00ed como para atender los servicios y\/o pedidos que solicite:<\/p>\n<p class=\"brz-tp-lg-paragraph brz-text-lg-justify brz-css-eaSq4\" data-uniq-id=\"cgftf\" data-generated-css=\"brz-css-bgcfk\"> <strong>Consumidor cuando es persona f\u00edsica:<\/strong><\/p>\n<p class=\"brz-tp-lg-paragraph brz-text-lg-justify brz-css-jE24S\" data-uniq-id=\"vnoqb\" data-generated-css=\"brz-css-zkqsf\"> \u2022 Nombre, apellidos, g\u00e9nero, edad, fecha de nacimiento, domicilio, n\u00famero telef\u00f3nico y\/o celular, y correo electr\u00f3nico.<\/p>\n<p class=\"brz-tp-lg-paragraph brz-text-lg-justify brz-css-pzfp_\" data-uniq-id=\"uvhaq\" data-generated-css=\"brz-css-mpuqk\">  <strong>Consumidor cuando es persona moral:<\/strong><\/p>\n<p class=\"brz-tp-lg-paragraph brz-text-lg-justify brz-css-k1vDi\" data-uniq-id=\"tunww\" data-generated-css=\"brz-css-eyxxp\"> \u2022 Raz\u00f3n Social, datos del representante legal, Datos Bancarios por las solicitudes de cr\u00e9dito, acta constitutiva, buro de cr\u00e9dito, etc.<\/p>\n<p class=\"brz-tp-lg-paragraph brz-text-lg-justify brz-css-hivB7\" data-uniq-id=\"uuzyb\" data-generated-css=\"brz-css-cpxzt\">\n<p class=\"brz-tp-lg-paragraph brz-text-lg-justify brz-css-iStwZ\" data-uniq-id=\"ylweu\" data-generated-css=\"brz-css-tncqu\"> <strong>MEDIOS PARA LIMITAR EL USO O DIVULGACI\u00d3N DE LOS DATOS PERSONALES<\/strong><\/p>\n<p class=\"brz-tp-lg-paragraph brz-text-lg-justify brz-css-ui6zx\" data-uniq-id=\"ideds\" data-generated-css=\"brz-css-trflk\">Sus datos personales no ser\u00e1n compartidos con ninguna autoridad, empresa, organizaci\u00f3n o persona distintas a nosotros y ser\u00e1n utilizados exclusivamente para los fines se\u00f1alados.<\/p>\n<p class=\"brz-tp-lg-paragraph brz-text-lg-justify brz-css-eDINk\" data-uniq-id=\"aoizo\" data-generated-css=\"brz-css-ezhty\">En caso de obtener datos personales sensibles bajo los conceptos y t\u00e9rminos de la \u201cLey\u201d, GEA no los divulgar\u00e1 ni compartir\u00e1, sin contar con su consentimiento, a menos que por mandato de la \u201cLey\u201d, as\u00ed lo tenga que hacer.<\/p>\n<p class=\"brz-tp-lg-paragraph brz-text-lg-justify brz-css-hiaiY\" data-uniq-id=\"laofn\" data-generated-css=\"brz-css-isgoz\">En todo momento <strong>GEA<\/strong> se obliga a salvaguardar la privacidad de los datos proporcionados y a no divulgarlos o transferirlos a terceros para fines distintos a los establecidos en el presente Aviso de Privacidad.<\/p>\n<p class=\"brz-tp-lg-paragraph brz-text-lg-justify brz-css-aDkjk\" data-uniq-id=\"injmp\" data-generated-css=\"brz-css-ggmhb\"><strong> <\/strong><\/p>\n<p class=\"brz-tp-lg-paragraph brz-text-lg-justify brz-css-h3eKa\" data-uniq-id=\"injmp\" data-generated-css=\"brz-css-ggmhb\"><strong>SOLICITUD DE ACCESO, RECTIFICACI\u00d3N, CANCELACI\u00d3N U OPOSICI\u00d3N DE DATOS (Solicitud ARCO)<\/strong><\/p>\n<p class=\"brz-tp-lg-paragraph brz-text-lg-justify brz-css-wWNYF\" data-uniq-id=\"nbyiq\" data-generated-css=\"brz-css-sljnu\">Todos sus datos personales son tratados de conformidad a la legislaci\u00f3n aplicable y vigente, por ello le informamos que usted tiene en todo momento el derecho de tener acceso, ratificar, cancelar u oponerse al tratamiento que le damos a sus datos personales, de acuerdo a lo previsto en la legislaci\u00f3n aplicable, as\u00ed como revocar el consentimiento otorgado para el tratamiento de los mismos, usted podr\u00e1 hacer valer este derecho comunic\u00e1ndose con nosotros a la siguiente direcci\u00f3n de correo info@gea-abp.mx. Dicha solicitud deber\u00e1 contener y\/o proveer informaci\u00f3n para identificar y contactar al interesado; documentos que acrediten la identidad o, en su caso, la representaci\u00f3n legal; la descripci\u00f3n clara y precisa de los datos personales respecto a los que busca ejercer alguno de los derechos ARCO y cualquier otro elemento que facilite la localizaci\u00f3n de los datos personales.<\/p>\n<p class=\"brz-tp-lg-paragraph brz-text-lg-justify brz-css-tvFeu\" data-uniq-id=\"hlsfl\" data-generated-css=\"brz-css-sntdb\">La revocaci\u00f3n del consentimiento sobre el tratamiento de sus datos personales, cuando resulte procedente, podr\u00e1 solicitarlo por escrito en la direcci\u00f3n de correo electr\u00f3nico info@gea-abp.mx o a los n\u00fameros telef\u00f3nicos 55 3098 6100.<\/p>\n<p class=\"brz-tp-lg-paragraph brz-text-lg-justify brz-css-qCGDd\" data-uniq-id=\"jcnqt\" data-generated-css=\"brz-css-sytos\"><\/p>\n<p class=\"brz-tp-lg-paragraph brz-text-lg-justify brz-css-iltuF\" data-uniq-id=\"jcnqt\" data-generated-css=\"brz-css-sytos\"><strong>MODIFICACIONES Y CAMBIOS AL AVISO DE PRIVACIDAD<\/strong><\/p>\n<p class=\"brz-fw-xs-600 brz-fw-sm-600 brz-fw-lg-600 brz-fs-xs-21 brz-fs-sm-21 brz-fs-lg-21 brz-ft-google brz-ff-blinker brz-ls-xs-0 brz-ls-sm-0 brz-ls-lg-0 brz-lh-xs-1_6 brz-lh-sm-1_6 brz-lh-lg-1_9 brz-text-lg-justify brz-css-q26Dp\" data-generated-css=\"brz-css-bqgvg\" data-uniq-id=\"gtywt\">GEA tendr\u00e1 el derecho en todo momento de hacer ajustes o modificaciones al presente Aviso de Privacidad, situaci\u00f3n que se har\u00e1 de su conocimiento a trav\u00e9s de la siguiente p\u00e1gina de Internet: www.gea-abp.mx, por cualquiera medio de comunicaci\u00f3n oral, impreso o electr\u00f3nico que GEA determine para este efecto.<\/p>\n<\/div>\n<\/div>\n<\/div>\n<\/div>\n<\/div>\n<\/div>\n<\/div>\n<div id=\"\" class=\"brz-css-vu9EI brz-wrapper\">\n<div class=\"brz-line brz-line-default brz-css-bdv7u brz-css-l0_Pa\" data-brz-custom-id=\"lbqewhnmpkalcmbfaxpefsizfglrozsbsfkr\">\n<hr class=\"brz-hr\"><\/div>\n<\/div>\n<\/div>\n<\/div>\n<\/section>\n<\/div>\n<p>    <!-- version:1723301224 --><\/p>\n","protected":false},"excerpt":{"rendered":"<p>Aviso de privacidad GEA BIODEGRADABLES Soluciones para la industria del pl\u00e1stico ESTAS A UN PASO DE HACER TUS PRODUCTOS DE PL\u00c1STICO BIODEGRADABLES HAGAMOS SINERGIA Este Aviso de Privacidad, tiene por objeto proporcionarle una visi\u00f3n clara de c\u00f3mo usamos los datos personales que el titular de datos personales (en adelante \u201cUsted\u201d) nos proporciona, nuestros esfuerzos por [&hellip;]<\/p>\n","protected":false},"author":2,"featured_media":0,"parent":0,"menu_order":0,"comment_status":"closed","ping_status":"closed","template":"brizy-blank-template.php","meta":{"_joinchat":[],"footnotes":""},"class_list":["post-5765","page","type-page","status-publish","hentry"],"brizy_media":[{"id":51,"url":"https:\/\/gea-abp.mx\/wp-content\/uploads\/brizy\/7\/assets\/images\/b731902c6bf15805972db395c1ec4670.png","name":"b731902c6bf15805972db395c1ec4670.png","meta":{"brizy_attachment_uid":"b731902c6bf15805972db395c1ec4670.png","brizy_post_uid":["3587525bee7cd9dd9fe6dbb1ab966d76"]}},{"id":440,"url":"https:\/\/gea-abp.mx\/wp-content\/uploads\/2020\/01\/plantas-2-01.png","name":"plantas-2-01.png","meta":{"brizy_attachment_uid":"wp-79b4f17941ba2797270c4bdcaf5af1c3","brizy_post_uid":["6da8f5954fafd95bdf0e1bb26ea54e82","3587525bee7cd9dd9fe6dbb1ab966d76"]}},{"id":785,"url":"https:\/\/gea-abp.mx\/wp-content\/uploads\/2020\/01\/GEA_Reversed-01.png","name":"GEA_Reversed-01.png","meta":{"brizy_attachment_uid":"wp-6eee9be58a30312812ff635a96444508","brizy_post_uid":["6da8f5954fafd95bdf0e1bb26ea54e82","8c52a303eb45514961d31892e019cc36","3587525bee7cd9dd9fe6dbb1ab966d76"]}},{"id":2738,"url":"https:\/\/gea-abp.mx\/wp-content\/uploads\/2020\/02\/GEA_Logo.png","name":"GEA_Logo.png","meta":{"brizy_attachment_uid":"wp-4d800caddb50cf557f022d16b8a8be70","brizy_post_uid":["8c52a303eb45514961d31892e019cc36","3587525bee7cd9dd9fe6dbb1ab966d76","6da8f5954fafd95bdf0e1bb26ea54e82","b7eb7ab1c956d5b88bd51293c7325ed8"]}},{"id":3430,"url":"https:\/\/gea-abp.mx\/wp-content\/uploads\/2020\/03\/Plasticos-biodegradables-GEA.jpg","name":"Plasticos-biodegradables-GEA.jpg","meta":{"brizy_attachment_uid":"wp-5c60856707e487ce29952b45590ce231","brizy_post_uid":["3587525bee7cd9dd9fe6dbb1ab966d76"]}}],"_links":{"self":[{"href":"https:\/\/gea-abp.mx\/index.php\/wp-json\/wp\/v2\/pages\/5765","targetHints":{"allow":["GET"]}}],"collection":[{"href":"https:\/\/gea-abp.mx\/index.php\/wp-json\/wp\/v2\/pages"}],"about":[{"href":"https:\/\/gea-abp.mx\/index.php\/wp-json\/wp\/v2\/types\/page"}],"author":[{"embeddable":true,"href":"https:\/\/gea-abp.mx\/index.php\/wp-json\/wp\/v2\/users\/2"}],"replies":[{"embeddable":true,"href":"https:\/\/gea-abp.mx\/index.php\/wp-json\/wp\/v2\/comments?post=5765"}],"version-history":[{"count":0,"href":"https:\/\/gea-abp.mx\/index.php\/wp-json\/wp\/v2\/pages\/5765\/revisions"}],"wp:attachment":[{"href":"https:\/\/gea-abp.mx\/index.php\/wp-json\/wp\/v2\/media?parent=5765"}],"curies":[{"name":"wp","href":"https:\/\/api.w.org\/{rel}","templated":true}]}}