{"id":5447,"date":"2020-10-09T18:53:20","date_gmt":"2020-10-09T18:53:20","guid":{"rendered":"http:\/\/gea-abp.mx\/?page_id=5447"},"modified":"2026-02-17T03:50:47","modified_gmt":"2026-02-17T03:50:47","slug":"zinacron","status":"publish","type":"page","link":"https:\/\/gea-abp.mx\/index.php\/zinacron\/","title":{"rendered":"Zinacron"},"content":{"rendered":"<div class=\"brz-root__container brz-reset-all brz brz-root__container-page\">\n<section id=\"e469e0eb58632e37a02d_uavenfimrnytyncdvffvkzyxlqqcyjmrvkkf\" class=\"brz-section brz-css-1me22h1\">\n<div class=\"brz-section__content brz-section--boxed brz-css-11grl2l brz-css-5clm49\" data-brz-custom-id=\"kuhlicfmahtjyraerpmrqjxohlfpvpajykps\">\n<div class=\"brz-bg\">\n<div class=\"brz-bg-image\"><\/div>\n<div class=\"brz-bg-color\"><\/div>\n<\/div>\n<div class=\"brz-container brz-css-1dvz1q7\">\n<div id=\"\" data-brz-iteration-count=\"1\" class=\"brz-css-xbtxdp brz-wrapper brz-animated brz-css-kop854 brz-css-ac0nrd\" data-animationid=\"upmjewofzzshzfbliipnvnlxafagvetitmsm\">\n<div class=\"brz-image brz-css-14cfaat\" data-brz-custom-id=\"jmqwfymytofymktffhncdjyuerjpezscqkyj\"><img decoding=\"async\" class=\"brz-img\" src=\"https:\/\/gea-abp.mx\/wp-content\/uploads\/brizy\/imgs\/GEA-logo-blanco-01-129x122x0x6x129x110x1579817206.png\" alt=\"\" loading=\"lazy\"><\/div>\n<\/div>\n<div id=\"\" class=\"brz-css-xbtxdp brz-css-1qs3t4n brz-wrapper\">\n<div class=\"brz-rich-text brz-rich-text__custom brz-css-1qmftbl\" data-brz-custom-id=\"jjsjbndeokqnvjbkkzwwaqjiphsopsbstgbq\">\n<div data-brz-translate-text=\"1\">\n<h2 class=\"brz-text-lg-center brz-lh-lg-1_3 brz-lh-sm-im-1_2 brz-lh-xs-im-1_3 brz-ls-lg-m_1_5 brz-ls-sm-im-m_1 brz-ls-xs-im-m_1 brz-ff-overpass brz-ft-google brz-fw-lg-700 brz-fw-sm-im-700 brz-fw-xs-im-700 brz-fs-lg-56 brz-fs-sm-im-50 brz-fs-xs-im-48 brz-css-kD4ZI\"><span>Zinacron\u00ae<\/span><\/h2>\n<h2 class=\"brz-fs-xs-im-26 brz-fs-sm-im-28 brz-fs-lg-34 brz-text-lg-center brz-lh-lg-1_3 brz-lh-sm-im-1_2 brz-lh-xs-im-1_3 brz-ls-lg-m_1_5 brz-ls-sm-im-m_1 brz-ls-xs-im-m_1 brz-ff-overpass brz-ft-google brz-fw-lg-700 brz-fw-sm-im-700 brz-fw-xs-im-700 brz-css-w0f71\"><span>Nanoantibac MB 20 <\/span><\/h2>\n<\/div>\n<\/div>\n<\/div>\n<div id=\"\" class=\"brz-css-xbtxdp brz-css-1sszjrm brz-wrapper\">\n<div class=\"brz-spacer brz-css-1to1mvu brz-css-12ygi04\"><\/div>\n<\/div>\n<\/div>\n<\/div>\n<\/section>\n<section id=\"7fdfa005cb18d6009735_hpgbnurkhogwzweifpqygzncfdzdopnwctjs\" class=\"brz-section brz-css-1me22h1\">\n<div class=\"brz-slick-slider brz-slick-slider__section\" data-slides-to-show=\"1\" data-slides-to-scroll=\"1\" data-arrows=\"true\" data-dots=\"true\" data-dots-class=\"brz-slick-slider__dots brz-slick-slider__dots--circle\" data-fade=\"false\" data-vertical=\"false\" data-auto-play=\"true\" data-auto-play-speed=\"4000\" data-animation-speed=\"500\" data-swipe=\"true\" data-responsive=\"%5B%7B%22breakpoint%22%3A767%2C%22settings%22%3A%7B%22slidesToShow%22%3A1%2C%22slidesToScroll%22%3A1%7D%7D%5D\">\n<div>\n<div class=\"brz-section__content brz-section--boxed brz-css-11grl2l brz-css-tncfum\" data-brz-custom-id=\"pbcnuwjgjlzydnoqtoigaeheqdtkkghszpaa\">\n<div class=\"brz-bg\">\n<div class=\"brz-bg-image\"><\/div>\n<\/div>\n<div class=\"brz-container brz-css-1dvz1q7 brz-css-1jn96c6\">\n<div id=\"\" class=\"brz-css-xbtxdp brz-wrapper\">\n<div class=\"brz-image brz-css-zcfszb\" data-brz-custom-id=\"byyyhmrbxxpyivicpvxzlrubiwkhxjfdxaiw\"><img decoding=\"async\" class=\"brz-img\" src=\"https:\/\/gea-abp.mx\/wp-content\/uploads\/brizy\/imgs\/LOGO-NANOCRON-180518-253x232x0x0x253x232x1601509775.png\" alt=\"\" loading=\"lazy\"><\/div>\n<\/div>\n<div id=\"\" class=\"brz-css-xbtxdp brz-wrapper\">\n<div class=\"brz-line brz-line-default brz-css-1bvumr0 brz-css-12d96ax\" data-brz-custom-id=\"jviwzzlksfspugtuvlfspvacmcnovpmozfpv\">\n<hr class=\"brz-hr\"><\/div>\n<\/div>\n<div id=\"\" class=\"brz-css-xbtxdp brz-css-xaj5av brz-wrapper\">\n<div class=\"brz-rich-text brz-rich-text__custom brz-css-1qmftbl\" data-brz-custom-id=\"btlumjhqxpubeiuekygpgvkalevinaprytkb\">\n<div data-brz-translate-text=\"1\">\n<p class=\"brz-fs-xs-im-20 brz-fs-sm-im-21 brz-fs-lg-21 brz-lh-xs-im-1_2 brz-lh-sm-im-1_2 brz-lh-lg-1_5 brz-fw-xs-im-400 brz-fw-sm-im-400 brz-fw-lg-400 brz-ft-google brz-ff-montserrat brz-ls-xs-im-0 brz-ls-sm-im-0 brz-ls-lg-0 brz-text-lg-center brz-css-nPEvf\"><strong>Zinacron Nanoantibac<\/strong><span> es un masterbatch con <\/span><strong>nanopart\u00edculas de \u00f3xido de zinc<\/strong><span> <\/span>con una actividad antimicrobial de gran desempe\u00f1o, probado bajo est\u00e1ndares internacionales.<\/p>\n<\/div>\n<\/div>\n<\/div>\n<div class=\"brz-row__container brz-css-2jaq1y\" data-brz-custom-id=\"tkyivxiidfcbnmuqdxswonmwjpoppgqywgvg\">\n<div class=\"brz-bg\"><\/div>\n<div class=\"brz-row brz-css-vchj5n brz-css-u2d2ly\">\n<div class=\"brz-columns brz-css-1a7rmov brz-css-lhzres\" data-brz-custom-id=\"cpdewzywvnvkmncjermakjxikmbiqvdiqakb\">\n<div class=\"brz-bg\"><\/div>\n<div class=\"brz-column__items brz-css-1o2wtkh\">\n<div class=\"brz-wrapper-clone brz-css-1pmtu5w\">\n<div class=\"brz-d-xs-flex brz-flex-xs-wrap brz-css-inft25\" data-brz-custom-id=\"\">\n<div class=\"brz-wrapper-clone__item\" id=\"sqiceqlzhyhbpxiblmqinmcngtzwxibkuwyj\">\n<div class=\"brz-icon__container\" data-brz-custom-id=\"sqiceqlzhyhbpxiblmqinmcngtzwxibkuwyj\"><span class=\"brz-icon brz-span brz-css-1sbyhpv brz-css-tlrpgw\"><\/span><\/div>\n<\/div>\n<\/div>\n<\/div>\n<div id=\"\" class=\"brz-css-xbtxdp brz-wrapper\">\n<div class=\"brz-rich-text brz-rich-text__custom brz-css-1qmftbl\" data-brz-custom-id=\"kprdpjwmrgwjxgkgkrnmnzybhvwfsflhlgdb\">\n<div data-brz-translate-text=\"1\">\n<p class=\"brz-lh-lg-1_9 brz-lh-sm-im-1_6 brz-lh-xs-im-1_6 brz-fs-lg-16 brz-fs-sm-im-15 brz-fs-xs-im-15 brz-ls-lg-0 brz-ls-sm-im-0 brz-ls-xs-im-0 brz-ff-montserrat brz-ft-google brz-bcp-color7 brz-text-lg-center brz-fw-lg-300 brz-fw-sm-im-300 brz-fw-xs-im-300 brz-css-lUs_H\"><span>Actividad antimicrobial contra bacterias, virus, hongos y levaduras<\/span><\/p>\n<\/div>\n<\/div>\n<\/div>\n<div class=\"brz-wrapper-clone brz-css-1pmtu5w\">\n<div class=\"brz-d-xs-flex brz-flex-xs-wrap brz-css-inft25\" data-brz-custom-id=\"\">\n<div class=\"brz-wrapper-clone__item\" id=\"tulrbitaztdofxsrabaghlptjdtxrddpuaij\">\n<div class=\"brz-icon__container\" data-brz-custom-id=\"tulrbitaztdofxsrabaghlptjdtxrddpuaij\"><span class=\"brz-icon brz-span brz-css-1sbyhpv brz-css-bxssmc\"><\/span><\/div>\n<\/div>\n<\/div>\n<\/div>\n<div id=\"\" class=\"brz-css-xbtxdp brz-wrapper\">\n<div class=\"brz-rich-text brz-rich-text__custom brz-css-1qmftbl\" data-brz-custom-id=\"qzftfabtbcbwhomcynwqsavwngzcmfjkzecr\">\n<div data-brz-translate-text=\"1\">\n<p class=\"brz-lh-lg-1_9 brz-lh-sm-im-1_6 brz-lh-xs-im-1_6 brz-fs-lg-16 brz-fs-sm-im-15 brz-fs-xs-im-15 brz-ls-lg-0 brz-ls-sm-im-0 brz-ls-xs-im-0 brz-ff-montserrat brz-ft-google brz-fw-lg-400 brz-fw-sm-im-400 brz-fw-xs-im-400 brz-bcp-color7 brz-text-lg-center brz-css-kf2NR\"><span>Para productos en contacto con alimentos<\/span><\/p>\n<\/div>\n<\/div>\n<\/div>\n<\/div>\n<\/div>\n<div class=\"brz-columns brz-css-1a7rmov brz-css-xa1js8\" data-brz-custom-id=\"jrjlkmvjqeowgbnghwurqhwnjzhzcbsthdfu\">\n<div class=\"brz-bg\"><\/div>\n<div class=\"brz-column__items brz-css-1o2wtkh\">\n<div class=\"brz-wrapper-clone brz-css-1pmtu5w\">\n<div class=\"brz-d-xs-flex brz-flex-xs-wrap brz-css-inft25\" data-brz-custom-id=\"\">\n<div class=\"brz-wrapper-clone__item\" id=\"uljovmrfmqkfpfpropxrrwkohpbpwpiomwee\">\n<div class=\"brz-icon__container\" data-brz-custom-id=\"uljovmrfmqkfpfpropxrrwkohpbpwpiomwee\"><span class=\"brz-icon brz-span brz-css-1sbyhpv brz-css-1wyymm6\"><\/span><\/div>\n<\/div>\n<\/div>\n<\/div>\n<div id=\"\" class=\"brz-css-xbtxdp brz-wrapper\">\n<div class=\"brz-rich-text brz-rich-text__custom brz-css-1qmftbl\" data-brz-custom-id=\"dfeusckvovhtygvtlisultjjmjbusequwoda\">\n<div data-brz-translate-text=\"1\">\n<p class=\"brz-lh-lg-1_9 brz-lh-sm-im-1_6 brz-lh-xs-im-1_6 brz-fs-lg-16 brz-fs-sm-im-15 brz-fs-xs-im-15 brz-ls-lg-0 brz-ls-sm-im-0 brz-ls-xs-im-0 brz-ff-montserrat brz-ft-google brz-fw-lg-400 brz-fw-sm-im-400 brz-fw-xs-im-400 brz-bcp-color7 brz-text-lg-center brz-css-mUkrw\">Excelente absorci\u00f3n de rayos UV<\/p>\n<p class=\"brz-lh-lg-1_9 brz-lh-sm-im-1_6 brz-lh-xs-im-1_6 brz-fs-lg-16 brz-fs-sm-im-15 brz-fs-xs-im-15 brz-ls-lg-0 brz-ls-sm-im-0 brz-ls-xs-im-0 brz-ff-montserrat brz-ft-google brz-fw-lg-400 brz-fw-sm-im-400 brz-fw-xs-im-400 brz-bcp-color7 brz-text-lg-center brz-css-gDRKP\"><\/p>\n<\/div>\n<\/div>\n<\/div>\n<div class=\"brz-wrapper-clone brz-css-1pmtu5w\">\n<div class=\"brz-d-xs-flex brz-flex-xs-wrap brz-css-inft25\" data-brz-custom-id=\"\">\n<div class=\"brz-wrapper-clone__item\" id=\"dwkzoeflejicglgtnozgfkedykvqajeksvzj\">\n<div class=\"brz-icon__container\" data-brz-custom-id=\"dwkzoeflejicglgtnozgfkedykvqajeksvzj\"><span class=\"brz-icon brz-span brz-css-1sbyhpv brz-css-3ntdt8\"><\/span><\/div>\n<\/div>\n<\/div>\n<\/div>\n<div id=\"\" class=\"brz-css-xbtxdp brz-wrapper\">\n<div class=\"brz-rich-text brz-rich-text__custom brz-css-1qmftbl\" data-brz-custom-id=\"yjvcmvnlwkirnphejyagydmpjomttkwedgbn\">\n<div data-brz-translate-text=\"1\">\n<p class=\"brz-lh-lg-1_9 brz-lh-sm-im-1_6 brz-lh-xs-im-1_6 brz-fs-lg-16 brz-fs-sm-im-15 brz-fs-xs-im-15 brz-ls-lg-0 brz-ls-sm-im-0 brz-ls-xs-im-0 brz-ff-montserrat brz-ft-google brz-fw-lg-400 brz-fw-sm-im-400 brz-fw-xs-im-400 brz-bcp-color7 brz-text-lg-center brz-css-wWi0F\"><span>Gran gama de aplicaci\u00f3n<\/span><\/p>\n<\/div>\n<\/div>\n<\/div>\n<\/div>\n<\/div>\n<div class=\"brz-columns brz-css-1a7rmov brz-css-rd3un2\" data-brz-custom-id=\"wjitjiafjmocmvneplxuaszwpzsozoovznwy\">\n<div class=\"brz-bg\"><\/div>\n<div class=\"brz-column__items brz-css-1o2wtkh\">\n<div class=\"brz-wrapper-clone brz-css-1pmtu5w\">\n<div class=\"brz-d-xs-flex brz-flex-xs-wrap brz-css-inft25\" data-brz-custom-id=\"\">\n<div class=\"brz-wrapper-clone__item\" id=\"frbsoajtzwdnlspmwgccmaabvjswdtonuvan\">\n<div class=\"brz-icon__container\" data-brz-custom-id=\"frbsoajtzwdnlspmwgccmaabvjswdtonuvan\"><span class=\"brz-icon brz-span brz-css-1sbyhpv brz-css-75gs5p\"><\/span><\/div>\n<\/div>\n<\/div>\n<\/div>\n<div id=\"\" class=\"brz-css-xbtxdp brz-wrapper\">\n<div class=\"brz-rich-text brz-rich-text__custom brz-css-1qmftbl\" data-brz-custom-id=\"jqnsbdadrswboexikaptbrkcdizpqieqsqba\">\n<div data-brz-translate-text=\"1\">\n<p class=\"brz-lh-lg-1_9 brz-lh-sm-im-1_6 brz-lh-xs-im-1_6 brz-fs-lg-16 brz-fs-sm-im-15 brz-fs-xs-im-15 brz-ls-lg-0 brz-ls-sm-im-0 brz-ls-xs-im-0 brz-ff-montserrat brz-ft-google brz-fw-lg-400 brz-fw-sm-im-400 brz-fw-xs-im-400 brz-bcp-color7 brz-text-lg-center brz-css-tv8cI\">Compatible con procesos de inyecci\u00f3n, extrusi\u00f3n, soplado, etc.<\/p>\n<\/div>\n<\/div>\n<\/div>\n<div class=\"brz-wrapper-clone brz-css-1pmtu5w\">\n<div class=\"brz-d-xs-flex brz-flex-xs-wrap brz-css-inft25\" data-brz-custom-id=\"\">\n<div class=\"brz-wrapper-clone__item\" id=\"ujnqjmwqdtnefzvchpafjnntuzvgemmwyrzl\">\n<div class=\"brz-icon__container\" data-brz-custom-id=\"ujnqjmwqdtnefzvchpafjnntuzvgemmwyrzl\"><span class=\"brz-icon brz-span brz-css-1sbyhpv brz-css-1wt0ez2\"><\/span><\/div>\n<\/div>\n<\/div>\n<\/div>\n<div id=\"\" class=\"brz-css-xbtxdp brz-wrapper\">\n<div class=\"brz-rich-text brz-rich-text__custom brz-css-1qmftbl\" data-brz-custom-id=\"yjeeabsmfdktacydczwgrcucuxygubxrgozn\">\n<div data-brz-translate-text=\"1\">\n<p class=\"brz-lh-lg-1_9 brz-lh-sm-im-1_6 brz-lh-xs-im-1_6 brz-fs-lg-16 brz-fs-sm-im-15 brz-fs-xs-im-15 brz-ls-lg-0 brz-ls-sm-im-0 brz-ls-xs-im-0 brz-ff-montserrat brz-ft-google brz-fw-lg-400 brz-fw-sm-im-400 brz-fw-xs-im-400 brz-bcp-color7 brz-text-lg-center brz-css-c_dT2\"><span>Alta transparencia<\/span><\/p>\n<\/div>\n<\/div>\n<\/div>\n<\/div>\n<\/div>\n<div class=\"brz-columns brz-css-1a7rmov brz-css-dei58b\" data-brz-custom-id=\"zrkwhvgorbqmlzeoeuouhkxjguldufaziqxp\">\n<div class=\"brz-bg\"><\/div>\n<div class=\"brz-column__items brz-css-1o2wtkh\">\n<div class=\"brz-wrapper-clone brz-css-1pmtu5w\">\n<div class=\"brz-d-xs-flex brz-flex-xs-wrap brz-css-inft25\" data-brz-custom-id=\"\">\n<div class=\"brz-wrapper-clone__item\" id=\"eddcmndhpcvdzwgribbcehgonwxhguewifxq\">\n<div class=\"brz-icon__container\" data-brz-custom-id=\"eddcmndhpcvdzwgribbcehgonwxhguewifxq\"><span class=\"brz-icon brz-span brz-css-1sbyhpv brz-css-1hihn44\"><\/span><\/div>\n<\/div>\n<\/div>\n<\/div>\n<div id=\"\" class=\"brz-css-xbtxdp brz-wrapper\">\n<div class=\"brz-rich-text brz-rich-text__custom brz-css-1qmftbl\" data-brz-custom-id=\"mzbbpypsfrfcpldqqretekygswoccjocxgkv\">\n<div data-brz-translate-text=\"1\">\n<p class=\"brz-text-lg-center brz-bcp-color7 brz-fw-xs-im-400 brz-fw-sm-im-400 brz-fw-lg-400 brz-ft-google brz-ff-montserrat brz-ls-xs-im-0 brz-ls-sm-im-0 brz-ls-lg-0 brz-fs-xs-im-15 brz-fs-sm-im-15 brz-fs-lg-16 brz-lh-xs-im-1_6 brz-lh-sm-im-1_6 brz-lh-lg-1_9 brz-css-aBtuw\">Permanente, no migra ni se degrada con la luz<\/p>\n<p class=\"brz-text-lg-center brz-bcp-color7 brz-fw-xs-im-400 brz-fw-sm-im-400 brz-fw-lg-400 brz-ft-google brz-ff-montserrat brz-ls-xs-im-0 brz-ls-sm-im-0 brz-ls-lg-0 brz-fs-xs-im-15 brz-fs-sm-im-15 brz-fs-lg-16 brz-lh-xs-im-1_6 brz-lh-sm-im-1_6 brz-lh-lg-1_9 brz-css-xEk8E\">\n<\/div>\n<\/div>\n<\/div>\n<div class=\"brz-wrapper-clone brz-css-1pmtu5w\">\n<div class=\"brz-d-xs-flex brz-flex-xs-wrap brz-css-inft25\" data-brz-custom-id=\"\">\n<div class=\"brz-wrapper-clone__item\" id=\"ottcgucapefsuuwxawspzejjnzecnxntpuop\">\n<div class=\"brz-icon__container\" data-brz-custom-id=\"ottcgucapefsuuwxawspzejjnzecnxntpuop\"><span class=\"brz-icon brz-span brz-css-1sbyhpv brz-css-10srv0w\"><\/span><\/div>\n<\/div>\n<\/div>\n<\/div>\n<div id=\"\" class=\"brz-css-xbtxdp brz-wrapper\">\n<div class=\"brz-rich-text brz-rich-text__custom brz-css-1qmftbl\" data-brz-custom-id=\"wdufbcstrguklvjfhujyfwakruugromrkqbt\">\n<div data-brz-translate-text=\"1\">\n<p class=\"brz-lh-lg-1_9 brz-lh-sm-im-1_6 brz-lh-xs-im-1_6 brz-fs-lg-16 brz-fs-sm-im-16 brz-fs-xs-im-16 brz-ls-lg-0 brz-ls-sm-im-0 brz-ls-xs-im-0 brz-ft-google brz-ff-montserrat brz-text-lg-center brz-fw-lg-300 brz-fw-sm-im-300 brz-fw-xs-im-300 brz-css-yDZBr\"><span class=\"brz-cp-color2\">Efectividad antimicrobial<\/span><\/p>\n<p class=\"brz-lh-lg-1_9 brz-lh-sm-im-1_6 brz-lh-xs-im-1_6 brz-fs-lg-16 brz-fs-sm-im-16 brz-fs-xs-im-16 brz-ls-lg-0 brz-ls-sm-im-0 brz-ls-xs-im-0 brz-ft-google brz-ff-montserrat brz-text-lg-center brz-fw-lg-300 brz-fw-sm-im-300 brz-fw-xs-im-300 brz-css-auohN\"><span class=\"brz-cp-color2\">del 99.9% <\/span><\/p>\n<\/div>\n<\/div>\n<\/div>\n<\/div>\n<\/div>\n<\/div>\n<\/div>\n<\/div>\n<\/div>\n<\/div>\n<\/div>\n<\/section>\n<\/div>\n<p>    <!-- version:1739328348 --><\/p>\n","protected":false},"excerpt":{"rendered":"<p>Zinacron\u00ae Nanoantibac MB 20 Zinacron Nanoantibac es un masterbatch con nanopart\u00edculas de \u00f3xido de zinc con una actividad antimicrobial de gran desempe\u00f1o, probado bajo est\u00e1ndares internacionales. Actividad antimicrobial contra bacterias, virus, hongos y levaduras Para productos en contacto con alimentos Excelente absorci\u00f3n de rayos UV Gran gama de aplicaci\u00f3n Compatible con procesos de inyecci\u00f3n, extrusi\u00f3n, [&hellip;]<\/p>\n","protected":false},"author":2,"featured_media":0,"parent":0,"menu_order":0,"comment_status":"closed","ping_status":"closed","template":"brizy-blank-template.php","meta":{"_joinchat":[],"footnotes":""},"class_list":["post-5447","page","type-page","status-publish","hentry"],"brizy_media":[{"id":72,"url":"https:\/\/gea-abp.mx\/wp-content\/uploads\/brizy\/70\/assets\/images\/d03-Color-2-1.jpg","name":"d03-Color-2-1.jpg","meta":{"brizy_attachment_uid":"d03-Color-2-1.jpg","brizy_post_uid":["b6a6322d6e045e13bc44a717eb447f73"]}},{"id":252,"url":"https:\/\/gea-abp.mx\/wp-content\/uploads\/brizy\/7\/assets\/images\/d03-custom-background-green-white.jpg","name":"d03-custom-background-green-white.jpg","meta":{"brizy_attachment_uid":"d03-custom-background-green-white.jpg","brizy_post_uid":["b6a6322d6e045e13bc44a717eb447f73"]}},{"id":253,"url":"https:\/\/gea-abp.mx\/wp-content\/uploads\/brizy\/7\/assets\/images\/d03-funky-chair.jpg","name":"d03-funky-chair.jpg","meta":{"brizy_attachment_uid":"d03-funky-chair.jpg","brizy_post_uid":["b6a6322d6e045e13bc44a717eb447f73"]}},{"id":896,"url":"https:\/\/gea-abp.mx\/wp-content\/uploads\/2020\/01\/EcoOne-logo.png","name":"EcoOne-logo.png","meta":{"brizy_attachment_uid":"wp-7da4c1d8657869404f4db5c7d3e8aaae","brizy_post_uid":["b6a6322d6e045e13bc44a717eb447f73"]}},{"id":1072,"url":"https:\/\/gea-abp.mx\/wp-content\/uploads\/2020\/01\/polimax_logo_4.png","name":"polimax_logo_4.png","meta":{"brizy_attachment_uid":"wp-4c7183288b192033f2a51e205f279fc2","brizy_post_uid":["b6a6322d6e045e13bc44a717eb447f73"]}},{"id":1080,"url":"https:\/\/gea-abp.mx\/wp-content\/uploads\/2020\/01\/logo-nanomaster-mayo-2013.png","name":"logo-nanomaster-mayo-2013.png","meta":{"brizy_attachment_uid":"wp-05de09ff05daa8bcb4070a9be139519a","brizy_post_uid":["b6a6322d6e045e13bc44a717eb447f73"]}},{"id":1089,"url":"https:\/\/gea-abp.mx\/wp-content\/uploads\/2020\/01\/download-1.png","name":"download-1.png","meta":{"brizy_attachment_uid":"wp-627506fe6b82f9a275e5204e362f76e1","brizy_post_uid":["b6a6322d6e045e13bc44a717eb447f73"]}},{"id":1483,"url":"https:\/\/gea-abp.mx\/wp-content\/uploads\/2020\/01\/309842-P85DWG-830.jpg","name":"309842-P85DWG-830.jpg","meta":{"brizy_attachment_uid":"wp-5a68e328d83a3d4cb5fa13ae4a2a87d8","brizy_post_uid":["8c52a303eb45514961d31892e019cc36","b6a6322d6e045e13bc44a717eb447f73"]}},{"id":1529,"url":"https:\/\/gea-abp.mx\/wp-content\/uploads\/2020\/01\/pellets-1.png","name":"pellets-1.png","meta":{"brizy_attachment_uid":"wp-452f162fb554535182bdce1da028cfa3","brizy_post_uid":["6da8f5954fafd95bdf0e1bb26ea54e82","8c52a303eb45514961d31892e019cc36","b6a6322d6e045e13bc44a717eb447f73"]}},{"id":1550,"url":"https:\/\/gea-abp.mx\/wp-content\/uploads\/2020\/01\/colorful-plastic-polymer-granules-background_93675-7091.jpg","name":"colorful-plastic-polymer-granules-background_93675-7091.jpg","meta":{"brizy_attachment_uid":"wp-90e907ba48ac63f30a00f6c3b86c6133","brizy_post_uid":["6da8f5954fafd95bdf0e1bb26ea54e82","b6a6322d6e045e13bc44a717eb447f73"]}},{"id":2066,"url":"https:\/\/gea-abp.mx\/wp-content\/uploads\/2020\/01\/fondo-agua_Mesa-de-trabajo-1.png","name":"fondo-agua_Mesa-de-trabajo-1.png","meta":{"brizy_attachment_uid":"wp-c87561b288ebf1669bc82d079b716607","brizy_post_uid":["b6a6322d6e045e13bc44a717eb447f73"]}},{"id":2070,"url":"https:\/\/gea-abp.mx\/wp-content\/uploads\/2020\/01\/fondo-agua_Mesa-de-trabajo-1-1.png","name":"fondo-agua_Mesa-de-trabajo-1-1.png","meta":{"brizy_attachment_uid":"wp-a91ba2e527d50fd889d73959a9093dcb","brizy_post_uid":["b6a6322d6e045e13bc44a717eb447f73"]}},{"id":2074,"url":"https:\/\/gea-abp.mx\/wp-content\/uploads\/2020\/01\/botellas-fond_Mesa-de-trabajo-1.png","name":"botellas-fond_Mesa-de-trabajo-1.png","meta":{"brizy_attachment_uid":"wp-68c143d67876457c46bf9514f7c1afd3","brizy_post_uid":["b6a6322d6e045e13bc44a717eb447f73"]}},{"id":2079,"url":"https:\/\/gea-abp.mx\/wp-content\/uploads\/2020\/01\/botellas-fondo_Mesa-de-trabajo-1.png","name":"botellas-fondo_Mesa-de-trabajo-1.png","meta":{"brizy_attachment_uid":"wp-c142de4e3018294997efe154041d991f","brizy_post_uid":["b6a6322d6e045e13bc44a717eb447f73"]}},{"id":2084,"url":"https:\/\/gea-abp.mx\/wp-content\/uploads\/2020\/01\/agua-fondo_Mesa-de-trabajo-1.png","name":"agua-fondo_Mesa-de-trabajo-1.png","meta":{"brizy_attachment_uid":"wp-e48459a5f8cf90409e4cfbde9cdba4c6","brizy_post_uid":["b6a6322d6e045e13bc44a717eb447f73"]}},{"id":2087,"url":"https:\/\/gea-abp.mx\/wp-content\/uploads\/2020\/01\/fondo-aguaa_Mesa-de-trabajo-1.png","name":"fondo-aguaa_Mesa-de-trabajo-1.png","meta":{"brizy_attachment_uid":"wp-bbe63ab20f45413accf3594d69df1e78","brizy_post_uid":["b6a6322d6e045e13bc44a717eb447f73"]}},{"id":2091,"url":"https:\/\/gea-abp.mx\/wp-content\/uploads\/2020\/01\/fondo-aguaa_Mesa-de-trabajo-1-1.png","name":"fondo-aguaa_Mesa-de-trabajo-1-1.png","meta":{"brizy_attachment_uid":"wp-666f5e9a0b5c8896902e38c2be4a6347","brizy_post_uid":["b6a6322d6e045e13bc44a717eb447f73"]}},{"id":3140,"url":"https:\/\/gea-abp.mx\/wp-content\/uploads\/2020\/02\/Captura-de-pantalla-2020-02-27-a-las-12.29.56.png","name":"Captura-de-pantalla-2020-02-27-a-las-12.29.56.png","meta":{"brizy_attachment_uid":"wp-e9e3111149870fc7ffa7042a1d2cf57e","brizy_post_uid":["b6a6322d6e045e13bc44a717eb447f73"]}},{"id":3161,"url":"https:\/\/gea-abp.mx\/wp-content\/uploads\/2020\/02\/Logo_Instituto_Polite\u0301cnico_Nacional.png","name":"Logo_Instituto_Polite\u0301cnico_Nacional.png","meta":{"brizy_attachment_uid":"wp-70ffbb7303218564d125cb82eee269d9","brizy_post_uid":["b6a6322d6e045e13bc44a717eb447f73"]}},{"id":3207,"url":"https:\/\/gea-abp.mx\/wp-content\/uploads\/2020\/02\/GEA-fondo-tierra_Mesa-de-trabajo-1.png","name":"GEA-fondo-tierra_Mesa-de-trabajo-1.png","meta":{"brizy_attachment_uid":"wp-901456d4bb1e960997005c97979f9369","brizy_post_uid":["b6a6322d6e045e13bc44a717eb447f73"]}},{"id":3219,"url":"https:\/\/gea-abp.mx\/wp-content\/uploads\/2020\/02\/Sin-ti\u0301tulo-2.png","name":"Sin-ti\u0301tulo-2.png","meta":{"brizy_attachment_uid":"wp-02b9d963e1096ed6c1d092b7d4388f27","brizy_post_uid":["b6a6322d6e045e13bc44a717eb447f73"]}},{"id":3223,"url":"https:\/\/gea-abp.mx\/wp-content\/uploads\/2020\/02\/Sin-ti\u0301tulo-2_Mesa-de-trabajo-1.png","name":"Sin-ti\u0301tulo-2_Mesa-de-trabajo-1.png","meta":{"brizy_attachment_uid":"wp-81b2f4902255b245ebbd63ca96df1c0e","brizy_post_uid":["b6a6322d6e045e13bc44a717eb447f73"]}},{"id":3307,"url":"https:\/\/gea-abp.mx\/wp-content\/uploads\/2020\/02\/tierra_Mesa-de-trabajo-1.png","name":"tierra_Mesa-de-trabajo-1.png","meta":{"brizy_attachment_uid":"wp-d04068f382e717d7860fa7a90c578a54","brizy_post_uid":["b6a6322d6e045e13bc44a717eb447f73"]}},{"id":3326,"url":"https:\/\/gea-abp.mx\/wp-content\/uploads\/2020\/02\/GEA-fondo-inicio_Mesa-de-trabajo-1-1.png","name":"GEA-fondo-inicio_Mesa-de-trabajo-1-1.png","meta":{"brizy_attachment_uid":"wp-4e5e368296b88c56b09a77abf2a89602","brizy_post_uid":["6da8f5954fafd95bdf0e1bb26ea54e82","b6a6322d6e045e13bc44a717eb447f73"]}},{"id":3373,"url":"https:\/\/gea-abp.mx\/wp-content\/uploads\/2020\/03\/Botellas-plastico-ecologicas.jpg","name":"Botellas-plastico-ecologicas.jpg","meta":{"brizy_attachment_uid":"wp-9c342228a91ad2d815db20737976fc2b","brizy_post_uid":["b6a6322d6e045e13bc44a717eb447f73","6da8f5954fafd95bdf0e1bb26ea54e82"]}},{"id":3379,"url":"https:\/\/gea-abp.mx\/wp-content\/uploads\/2020\/03\/Fabricaci\u00f3n-de-botellas-de-plastico-ecologico.jpg","name":"Fabricaci\u00f3n-de-botellas-de-plastico-ecologico.jpg","meta":{"brizy_attachment_uid":"wp-e74da8ad0b3a9e3f49b60168825666d0","brizy_post_uid":["b6a6322d6e045e13bc44a717eb447f73"]}},{"id":5216,"url":"https:\/\/gea-abp.mx\/wp-content\/uploads\/2020\/09\/Captura-de-Pantalla-2020-09-23-a-las-20.56.13.png","name":"Captura-de-Pantalla-2020-09-23-a-las-20.56.13.png","meta":{"brizy_attachment_uid":"wp-977344261fe8bb5843a5a161a3b2249a.png","brizy_post_uid":["b6a6322d6e045e13bc44a717eb447f73"]}},{"id":5373,"url":"https:\/\/gea-abp.mx\/wp-content\/uploads\/2020\/09\/nanocron_Mesa-de-trabajo-1.png","name":"nanocron_Mesa-de-trabajo-1.png","meta":{"brizy_attachment_uid":"wp-184f0ea29ae7b0f94665f5b93442a4ef.png","brizy_post_uid":["b6a6322d6e045e13bc44a717eb447f73"]}},{"id":5379,"url":"https:\/\/gea-abp.mx\/wp-content\/uploads\/2020\/09\/nanocron_Mesa-de-trabajo-1-1.png","name":"nanocron_Mesa-de-trabajo-1-1.png","meta":{"brizy_attachment_uid":"wp-2d530267fb73b5bffe76b15f002e1b39.png","brizy_post_uid":["b6a6322d6e045e13bc44a717eb447f73"]}},{"id":5382,"url":"https:\/\/gea-abp.mx\/wp-content\/uploads\/2020\/09\/LOGO-NANOCRON-180518.png","name":"LOGO-NANOCRON-180518.png","meta":{"brizy_attachment_uid":"wp-41394a8e9c3c764286ffe3d563502ce3.png","brizy_post_uid":["b6a6322d6e045e13bc44a717eb447f73"]}},{"id":5659,"url":"https:\/\/gea-abp.mx\/wp-content\/uploads\/2020\/10\/Logo-Innecsus-Final-01.png","name":"Logo-Innecsus-Final-01.png","meta":{"brizy_attachment_uid":"wp-2a3938a2ff234c3285b31f94c452d6b0.png","brizy_post_uid":["b6a6322d6e045e13bc44a717eb447f73"]}}],"_links":{"self":[{"href":"https:\/\/gea-abp.mx\/index.php\/wp-json\/wp\/v2\/pages\/5447","targetHints":{"allow":["GET"]}}],"collection":[{"href":"https:\/\/gea-abp.mx\/index.php\/wp-json\/wp\/v2\/pages"}],"about":[{"href":"https:\/\/gea-abp.mx\/index.php\/wp-json\/wp\/v2\/types\/page"}],"author":[{"embeddable":true,"href":"https:\/\/gea-abp.mx\/index.php\/wp-json\/wp\/v2\/users\/2"}],"replies":[{"embeddable":true,"href":"https:\/\/gea-abp.mx\/index.php\/wp-json\/wp\/v2\/comments?post=5447"}],"version-history":[{"count":1,"href":"https:\/\/gea-abp.mx\/index.php\/wp-json\/wp\/v2\/pages\/5447\/revisions"}],"predecessor-version":[{"id":7180,"href":"https:\/\/gea-abp.mx\/index.php\/wp-json\/wp\/v2\/pages\/5447\/revisions\/7180"}],"wp:attachment":[{"href":"https:\/\/gea-abp.mx\/index.php\/wp-json\/wp\/v2\/media?parent=5447"}],"curies":[{"name":"wp","href":"https:\/\/api.w.org\/{rel}","templated":true}]}}