{"id":1615,"date":"2020-01-23T22:43:20","date_gmt":"2020-01-23T22:43:20","guid":{"rendered":"http:\/\/gea-abp.mx\/wordpress_new\/?page_id=1615"},"modified":"2026-02-16T20:25:17","modified_gmt":"2026-02-16T20:25:17","slug":"contacto","status":"publish","type":"page","link":"https:\/\/gea-abp.mx\/index.php\/contacto\/","title":{"rendered":"Contacto"},"content":{"rendered":"<div class=\"brz-root__container brz-reset-all brz brz-root__container-page\">\n<section id=\"4d5caa6acc8709982445_ytwzsvaqhzlecdfcswvowywqcmbhyuedckav\" class=\"brz-section brz-css-d0tvbq brz-css-v7igp6\">\n<div class=\"brz-section__content brz-section--boxed brz-css-twi2cs brz-css-1fuiu7j\" data-brz-custom-id=\"qvmwlrejtgqcofsufsnvqmftdwmibiczdshj\">\n<div class=\"brz-bg\">\n<div class=\"brz-bg-image\"><\/div>\n<div class=\"brz-bg-color\"><\/div>\n<\/div>\n<div class=\"brz-container brz-css-1m5u18r brz-css-6nkoqq\">\n<div id=\"\" data-brz-iteration-count=\"1\" class=\"brz-css-uz000g brz-css-10o3cwt brz-wrapper brz-animated brz-css-jwfals brz-css-k2bltp\" data-animationid=\"gnglfycubqvabavvrzrussnzznmwizurkwau\">\n<div class=\"brz-image brz-css-fas2ed brz-css-1wtzldb\" data-brz-custom-id=\"mvvpskzfwgcoksqlmpitvlyfextfsntpbvax\"><img decoding=\"async\" class=\"brz-img\" src=\"https:\/\/gea-abp.mx\/wp-content\/uploads\/brizy\/imgs\/GEA-logo-blanco-01-129x122x0x6x129x110x1579817206.png\" alt=\"\" title=\"GEA logo blanco-01\" loading=\"lazy\"><\/div>\n<\/div>\n<div id=\"\" class=\"brz-css-uz000g brz-css-qa702c brz-wrapper\">\n<div class=\"brz-rich-text brz-rich-text__custom brz-css-hgnee5 brz-css-10is96c\" data-brz-custom-id=\"mgxzojjurbfsvzdhoxxbucngihgmgwcpnoqm\">\n<div data-brz-translate-text=\"1\">\n<h2 class=\"brz-fs-xs-im-49 brz-fs-sm-im-51 brz-fs-lg-57 brz-fw-xs-im-700 brz-fw-sm-im-700 brz-fw-lg-700 brz-ft-google brz-ff-overpass brz-ls-xs-im-m_1 brz-ls-sm-im-m_1 brz-ls-lg-m_1_5 brz-lh-xs-im-1_3 brz-lh-sm-im-1_2 brz-lh-lg-1_3 brz-text-lg-center brz-css-smXoo\"><span><span>Contacto<\/span><\/span><\/h2>\n<\/div>\n<\/div>\n<\/div>\n<div id=\"\" class=\"brz-css-uz000g brz-css-1vwtz1b brz-css-1wphacr brz-wrapper\">\n<div class=\"brz-spacer brz-css-1i6ikvv brz-css-177z9eu\"><\/div>\n<\/div>\n<\/div>\n<\/div>\n<\/section>\n<section id=\"a9402e42a8a61d6a3f92_knaanansxxvfwddjjpyvtvhpnnxehlmrjutp\" class=\"brz-section brz-css-d0tvbq brz-css-1ycl1s0\">\n<div class=\"brz-section__content brz-section--boxed brz-css-twi2cs brz-css-19ywzkj\" data-brz-custom-id=\"zurrdbrpbmvblakgqgwplcuzyuiubirklubw\">\n<div class=\"brz-bg\">\n<div class=\"brz-bg-image\"><\/div>\n<\/div>\n<div class=\"brz-container brz-css-1m5u18r brz-css-1h6pezm\">\n<div id=\"\" class=\"brz-css-uz000g brz-css-1ak6nyn brz-wrapper\">\n<div class=\"brz-rich-text brz-rich-text__custom brz-css-hgnee5 brz-css-13vbm1l\" data-brz-custom-id=\"mpdfdtxbhhjhpdtltektagaucrblymocmrwe\">\n<div data-brz-translate-text=\"1\">\n<p class=\"brz-fs-xs-im-45 brz-fs-sm-im-45 brz-fs-lg-45 brz-text-lg-center brz-ff-blinker brz-ft-google brz-fw-lg-400 brz-fw-sm-im-400 brz-fw-xs-im-400 brz-lh-lg-1_2 brz-lh-sm-im-1 brz-lh-xs-im-1 brz-ls-lg-3_5 brz-ls-sm-im-7 brz-ls-xs-im-7 brz-css-qbzTa\"><strong class=\"brz-cp-color8\"><span>GEA BIODEGRADABLES<\/span><\/strong><\/p>\n<p class=\"brz-text-lg-center brz-lh-lg-1_2 brz-lh-sm-im-1 brz-lh-xs-im-1 brz-fs-lg-34 brz-fs-sm-im-34 brz-fs-xs-im-34 brz-ls-lg-0 brz-ls-sm-im-0 brz-ls-xs-im-0 brz-fw-lg-400 brz-fw-sm-im-400 brz-fw-xs-im-400 brz-ff-blinker brz-ft-google brz-css-f9EKO\"><span class=\"brz-cp-color8\"><span>Soluciones para la industria del pl\u00e1stico <\/span><\/span><\/p>\n<\/div>\n<\/div>\n<\/div>\n<\/div>\n<\/div>\n<\/section>\n<section id=\"a3067e3d6ab09d8d44f6_ntsjbxbgsjessfanyhzvtvduyoascuzovfvh\" class=\"brz-section brz-css-d0tvbq brz-css-bqx28q\">\n<div class=\"brz-section__content brz-section--boxed brz-css-twi2cs brz-css-15xpy4c\" data-brz-custom-id=\"cngypyoztydimjpiqzoyjjuizkubinuriuiq\">\n<div class=\"brz-container brz-css-1m5u18r brz-css-196bo4u\">\n<div id=\"\" class=\"brz-css-uz000g brz-css-gesh9r brz-wrapper\">\n<div class=\"brz-rich-text brz-rich-text__custom brz-css-hgnee5 brz-css-13oonq9\" data-brz-custom-id=\"rmuphwqqsddwvzuljwzorsrjmmpdermbgbqw\">\n<div data-brz-translate-text=\"1\">\n<p class=\"brz-fs-xs-im-26 brz-fs-sm-im-26 brz-fs-lg-26 brz-ft-google brz-ff-blinker brz-ls-xs-im-0 brz-ls-sm-im-0 brz-ls-lg-0 brz-text-lg-center brz-fw-lg-600 brz-fw-sm-im-600 brz-fw-xs-im-600 brz-lh-sm-im-1 brz-lh-xs-im-1 brz-lh-lg-1_2 brz-css-oSyPc\"><span><span>ESTAS A UN PASO DE HACER TUS PRODUCTOS DE PL\u00c1STICO BIODEGRADABLES<\/span><\/span><\/p>\n<p class=\"brz-ft-google brz-ff-blinker brz-ls-xs-im-0 brz-ls-sm-im-0 brz-ls-lg-0 brz-text-lg-center brz-fw-lg-600 brz-fw-sm-im-600 brz-fw-xs-im-600 brz-fs-lg-43 brz-fs-sm-im-43 brz-fs-xs-im-43 brz-lh-sm-im-1 brz-lh-xs-im-1 brz-lh-lg-1_2 brz-css-qQcc1\"><span><span>HAGAMOS SINERGIA <\/span><\/span><\/p>\n<\/div>\n<\/div>\n<\/div>\n<div id=\"\" class=\"brz-css-uz000g brz-css-6sd05k brz-wrapper\">\n<div class=\"brz-line brz-line-default brz-css-1dwadi2 brz-css-1uuw75z\" data-brz-custom-id=\"iauwbtmcwcvxgkdmwijzfychowcamspdmzhb\">\n<hr class=\"brz-hr\"><\/div>\n<\/div>\n<div class=\"brz-row__container brz-css-10p6ehi brz-css-1qmezg\" data-brz-custom-id=\"eslamivnfziwtgstevzfnnevynectvfdjyyc\">\n<div class=\"brz-row brz-css-145bob7 brz-css-14arrsc brz-css-ow1zy6\">\n<div class=\"brz-columns brz-css-14x1l71 brz-css-1nqlpgq\" data-brz-custom-id=\"yzgqkqdficuwodlyhcsfvnzjfmzwaficromz\">\n<div class=\"brz-column__items brz-css-d917ds brz-css-17d6v2a\">\n<div id=\"\" class=\"brz-css-uz000g brz-css-1ygb7yb brz-wrapper\">\n<div class=\"brz-rich-text brz-rich-text__custom brz-css-hgnee5 brz-css-94dsrw\" data-brz-custom-id=\"ysdxpuchybbsylrwmzoneqlzyxdgwbvtkvrs\">\n<div data-brz-translate-text=\"1\">\n<p class=\"brz-fw-xs-600 brz-fw-sm-600 brz-fw-lg-600 brz-fs-xs-21 brz-fs-sm-21 brz-fs-lg-21 brz-ft-google brz-ff-blinker brz-ls-xs-0 brz-ls-sm-0 brz-ls-lg-0 brz-lh-xs-1_6 brz-lh-sm-1_6 brz-lh-lg-1_9 brz-text-xs-center brz-css-eQdRF\" data-uniq-id=\"kmndz\" data-generated-css=\"brz-css-ndzxi\"><span>GRUPO GEA <\/span><\/p>\n<p class=\"brz-fs-xs-19 brz-fs-sm-19 brz-fs-lg-19 brz-lh-xs-1_2 brz-lh-sm-1_2 brz-lh-lg-1_5 brz-fw-xs-400 brz-fw-sm-400 brz-fw-lg-400 brz-ft-google brz-ff-blinker brz-ls-xs-0 brz-ls-sm-0 brz-ls-lg-0 brz-text-xs-center brz-css-rHaAd\" data-uniq-id=\"jogeq\" data-generated-css=\"brz-css-lqqxe\">Av. Constituyentes 908.<\/p>\n<p class=\"brz-fs-xs-19 brz-fs-sm-19 brz-fs-lg-19 brz-lh-xs-1_2 brz-lh-sm-1_2 brz-lh-lg-1_5 brz-fw-xs-400 brz-fw-sm-400 brz-fw-lg-400 brz-ft-google brz-ff-blinker brz-ls-xs-0 brz-ls-sm-0 brz-ls-lg-0 brz-text-xs-center brz-css-aY6V5\" data-uniq-id=\"vfdba\" data-generated-css=\"brz-css-oslsu\">Lomas Altas. Alcald\u00eda Miguel Hidalgo,<\/p>\n<p class=\"brz-fs-xs-19 brz-fs-sm-19 brz-fs-lg-19 brz-lh-xs-1_2 brz-lh-sm-1_2 brz-lh-lg-1_5 brz-fw-xs-400 brz-fw-sm-400 brz-fw-lg-400 brz-ft-google brz-ff-blinker brz-ls-xs-0 brz-ls-sm-0 brz-ls-lg-0 brz-text-xs-center brz-css-ymBVZ\" data-uniq-id=\"kbrhp\" data-generated-css=\"brz-css-pppwp\">C.P. 11950, CDMX. M\u00e9xico.<\/p>\n<\/div>\n<\/div>\n<\/div>\n<\/div>\n<\/div>\n<div class=\"brz-columns brz-css-14x1l71 brz-css-13phitf\" data-brz-custom-id=\"klxnremwsvsdmgerehdqpjtxmmxdeyttuhgn\">\n<div class=\"brz-column__items brz-css-d917ds brz-css-ffrq18\">\n<div id=\"\" class=\"brz-css-uz000g brz-css-1tt8jze brz-wrapper\">\n<div class=\"brz-rich-text brz-rich-text__custom brz-css-hgnee5 brz-css-k8hoqs\" data-brz-custom-id=\"pemfoyotizieesisesycpriltyglmfcvbdjt\">\n<div data-brz-translate-text=\"1\">\n<p class=\"brz-fw-xs-600 brz-fw-sm-600 brz-fw-lg-600 brz-fs-xs-21 brz-fs-sm-21 brz-fs-lg-21 brz-ft-google brz-ff-blinker brz-ls-xs-0 brz-ls-sm-0 brz-ls-lg-0 brz-lh-xs-1_6 brz-lh-sm-1_6 brz-lh-lg-1_9 brz-text-xs-center brz-css-lCDCH\" data-generated-css=\"brz-css-zyvqk\" data-uniq-id=\"otxrt\"><span>Cont\u00e1ctanos<\/span><\/p>\n<p class=\"brz-fs-xs-19 brz-fs-sm-19 brz-fs-lg-19 brz-lh-xs-1_2 brz-lh-sm-1_2 brz-lh-lg-1_5 brz-fw-xs-400 brz-fw-sm-400 brz-fw-lg-400 brz-ft-google brz-ff-blinker brz-ls-xs-0 brz-ls-sm-0 brz-ls-lg-0 brz-text-xs-center brz-css-r5Zqx\" data-generated-css=\"brz-css-pebti\" data-uniq-id=\"jvtsc\">Tel\u00e9fono +52 (55) 30986100<\/p>\n<p class=\"brz-fs-xs-19 brz-fs-sm-19 brz-fs-lg-19 brz-lh-xs-1_2 brz-lh-sm-1_2 brz-lh-lg-1_5 brz-fw-xs-400 brz-fw-sm-400 brz-fw-lg-400 brz-ft-google brz-ff-blinker brz-ls-xs-0 brz-ls-sm-0 brz-ls-lg-0 brz-text-xs-center brz-css-qW3UC\" data-generated-css=\"brz-css-ieres\" data-uniq-id=\"vwjip\">WhatsApp +52 1 (55) 1883 7679<\/p>\n<p class=\"brz-fs-xs-19 brz-fs-sm-19 brz-fs-lg-19 brz-lh-xs-1_2 brz-lh-sm-1_2 brz-lh-lg-1_5 brz-fw-xs-400 brz-fw-sm-400 brz-fw-lg-400 brz-ft-google brz-ff-blinker brz-ls-xs-0 brz-ls-sm-0 brz-ls-lg-0 brz-text-xs-center brz-css-f3Q3G\" data-generated-css=\"brz-css-hrlue\" data-uniq-id=\"zrziq\">Correo info@gea-abp.mx<\/p>\n<\/div>\n<\/div>\n<\/div>\n<\/div>\n<\/div>\n<\/div>\n<\/div>\n<div id=\"\" class=\"brz-css-uz000g brz-css-1f3ziqk brz-wrapper\">\n<div class=\"brz-line brz-line-default brz-css-1dwadi2 brz-css-15ij2nx\" data-brz-custom-id=\"lbqewhnmpkalcmbfaxpefsizfglrozsbsfkr\">\n<hr class=\"brz-hr\"><\/div>\n<\/div>\n<\/div>\n<\/div>\n<\/section>\n<section id=\"85eaefc52828fc651a86_zehcmnhfkqxdygitauvbanuslmvennvvdwxw\" class=\"brz-section brz-css-d0tvbq brz-css-84gtzx\">\n<div class=\"brz-section__content brz-section--boxed brz-css-twi2cs brz-css-12fff\" data-brz-custom-id=\"mkxjcwhqmficdpogbfwqnakrjivldlhejgdu\">\n<div class=\"brz-bg\">\n<div class=\"brz-bg-color\"><\/div>\n<\/div>\n<div class=\"brz-container brz-css-1m5u18r brz-css-hekghm\">\n<div id=\"\" class=\"brz-css-uz000g brz-css-xl4z08 brz-wrapper\">\n<div class=\"brz-map brz-map_styles brz-css-1cji9cd\" data-brz-custom-id=\"snnsmlnikvykiuardiqyocvzhapvuprvrejz\">\n<div class=\"brz-ui-ed-map-content\"><\/div>\n<\/div>\n<\/div>\n<\/div>\n<\/div>\n<\/section>\n<section id=\"e2ee00e677082312a70c_bblpgxomxtkwhbhdeqeyszwclhfbsyukbbiu\" class=\"brz-section brz-css-d0tvbq brz-css-r7h1sk\">\n<div class=\"brz-section__content brz-section--boxed brz-css-twi2cs brz-css-7yiist\" data-brz-custom-id=\"ckfkjiioygldvdartbcirdfuewsqstiwllyb\">\n<div class=\"brz-container brz-css-1m5u18r brz-css-o7xf81\">\n<div id=\"\" class=\"brz-css-uz000g brz-css-1o9mjap brz-wrapper\">\n<div class=\"brz-rich-text brz-rich-text__custom brz-css-hgnee5 brz-css-1hmcjfv\" data-brz-custom-id=\"yjscpdpqhsojgdfjraqupzxtuwllbdykyode\">\n<div data-brz-translate-text=\"1\">\n<p class=\"brz-fss-lg-px brz-fw-lg-400 brz-ls-lg-0 brz-lh-lg-1_9 brz-tp-lg-empty brz-ff-blinker brz-ft-google brz-fs-lg-40 brz-css-h8mSn\" data-uniq-id=\"vkhyt\" data-generated-css=\"brz-css-mlmja\"><strong class=\"brz-cp-color1\">Ponte en contacto con nosotros<\/strong><\/p>\n<\/div>\n<\/div>\n<\/div>\n<div id=\"\" class=\"brz-css-uz000g brz-css-y8x760 brz-wrapper\">\n<div data-brz-form-version=\"2\" class=\"brz-forms2 brz-css-1hr7f1r brz-css-728w9p\" data-brz-custom-id=\"ybcbxoerkbcwypurormbacribdmkrtihcuij\">\n<div data-brz-translate-text=\"1\" class=\"brz-forms2__item brz-css-d8gjz1 brz-css-pjf1qz brz-css-jez6zi brz-css-1hfigqv\"><\/div>\n<div data-brz-translate-text=\"1\" class=\"brz-forms2__item brz-css-d8gjz1 brz-css-pjf1qz brz-css-jez6zi brz-css-145opyx\"><\/div>\n<div data-brz-translate-text=\"1\" class=\"brz-forms2__item brz-css-d8gjz1 brz-css-pjf1qz brz-css-jez6zi brz-css-12euart\"><\/div>\n<div data-brz-translate-text=\"1\" class=\"brz-forms2__item brz-css-d8gjz1 brz-css-pjf1qz brz-css-jez6zi brz-css-eeab9r\"><\/div>\n<div data-brz-translate-text=\"1\" class=\"brz-forms2__item brz-css-d8gjz1 brz-css-pjf1qz brz-css-jez6zi brz-css-1b1k1uh\"><\/div>\n<div class=\"brz-forms2 brz-forms2__item brz-forms2__item-button\" data-brz-custom-id=\"ybcbxoerkbcwypurormbacribdmkrtihcuij\"><button class=\"brz-btn brz-btn-submit brz-css-pdy3co brz-css-p4s5r0\" data-brz-custom-id=\"srlumfuduyaormcsicoeflphobfmttsnwnmz\"><span data-brz-translate-text=\"1\" class=\"brz-span brz-text__editor\">ENVIAR<\/span><\/button><\/div>\n<div class=\"brz-g-recaptcha\" data-sitekey=\"\" data-size=\"invisible\" data-callback=\"brzFormV2Captcha\"><\/div>\n<\/div>\n<\/div>\n<\/div>\n<\/div>\n<\/section>\n<section id=\"2e64b962a86db9cb19e3_aohtmmjrloukjteawnsjzqrinyzbggebmlmq\" class=\"brz-section brz-css-d0tvbq brz-css-eieigx\">\n<div class=\"brz-section__content brz-section--boxed brz-css-twi2cs brz-css-5qache\" data-brz-custom-id=\"nzfchkrykheptmwgczaxdytjcmeiyvixtedt\">\n<div class=\"brz-container brz-css-1m5u18r brz-css-gtawbf\">\n<div id=\"\" class=\"brz-css-uz000g brz-css-oo3sjk brz-wrapper\">\n<div class=\"brz-rich-text brz-rich-text__custom brz-css-hgnee5 brz-css-1rl7iq7\" data-brz-custom-id=\"elygqtsqhndjzeixwztotwockhknodwxrnzm\">\n<div data-brz-translate-text=\"1\">\n<p class=\"brz-text-lg-center brz-tp-lg-abovetitle brz-css-mMjVO\" data-uniq-id=\"jmpyb\" data-generated-css=\"brz-css-ypach\"><span style=\"opacity: 0.7\" class=\"brz-cp-color7\">AVISO DE PRIVACIDAD<\/span><\/p>\n<\/div>\n<\/div>\n<\/div>\n<div class=\"brz-wrapper-clone brz-flex-xs-wrap brz-css-1yem9z2 brz-css-1ub4o2q\" data-brz-custom-id=\"dpmdvtyoojvozfehvrzpvrcpgximdlxoxkgq\"><a class=\"brz-a brz-btn brz-css-btp7jb brz-css-13ath1q brz-css-pdy3co brz-css-sx4zk0\" href=\"https:\/\/gea-abp.mx\/wp-content\/uploads\/2021\/12\/Gea.Aviso_.Privacidad.24-11-2021.pdf\" target=\"_blank\" rel=\"noopener\" data-brz-link-type=\"upload\" data-brz-custom-id=\"aqepfdnimlpcivhjfhrvrvrtxgyazjzxrwuo\"><span data-brz-translate-text=\"1\" class=\"brz-span brz-text__editor\">&nbsp; Con\u00f3celo&nbsp;<\/span><\/a><\/div>\n<\/div>\n<\/div>\n<\/section>\n<\/div>\n<p>    <!-- version:1750795758 --><\/p>\n","protected":false},"excerpt":{"rendered":"<p>Contacto GEA BIODEGRADABLES Soluciones para la industria del pl\u00e1stico ESTAS A UN PASO DE HACER TUS PRODUCTOS DE PL\u00c1STICO BIODEGRADABLES HAGAMOS SINERGIA GRUPO GEA Av. Constituyentes 908. Lomas Altas. Alcald\u00eda Miguel Hidalgo, C.P. 11950, CDMX. M\u00e9xico. Cont\u00e1ctanos Tel\u00e9fono +52 (55) 30986100 WhatsApp +52 1 (55) 1883 7679 Correo info@gea-abp.mx Ponte en contacto con nosotros ENVIAR [&hellip;]<\/p>\n","protected":false},"author":2,"featured_media":0,"parent":0,"menu_order":0,"comment_status":"closed","ping_status":"closed","template":"brizy-blank-template.php","meta":{"_joinchat":[],"footnotes":""},"class_list":["post-1615","page","type-page","status-publish","hentry"],"brizy_media":[{"id":51,"url":"https:\/\/gea-abp.mx\/wp-content\/uploads\/brizy\/7\/assets\/images\/b731902c6bf15805972db395c1ec4670.png","name":"b731902c6bf15805972db395c1ec4670.png","meta":{"brizy_attachment_uid":"b731902c6bf15805972db395c1ec4670.png","brizy_post_uid":["3587525bee7cd9dd9fe6dbb1ab966d76"]}},{"id":440,"url":"https:\/\/gea-abp.mx\/wp-content\/uploads\/2020\/01\/plantas-2-01.png","name":"plantas-2-01.png","meta":{"brizy_attachment_uid":"wp-79b4f17941ba2797270c4bdcaf5af1c3","brizy_post_uid":["6da8f5954fafd95bdf0e1bb26ea54e82","3587525bee7cd9dd9fe6dbb1ab966d76"]}},{"id":785,"url":"https:\/\/gea-abp.mx\/wp-content\/uploads\/2020\/01\/GEA_Reversed-01.png","name":"GEA_Reversed-01.png","meta":{"brizy_attachment_uid":"wp-6eee9be58a30312812ff635a96444508","brizy_post_uid":["6da8f5954fafd95bdf0e1bb26ea54e82","8c52a303eb45514961d31892e019cc36","3587525bee7cd9dd9fe6dbb1ab966d76"]}},{"id":2738,"url":"https:\/\/gea-abp.mx\/wp-content\/uploads\/2020\/02\/GEA_Logo.png","name":"GEA_Logo.png","meta":{"brizy_attachment_uid":"wp-4d800caddb50cf557f022d16b8a8be70","brizy_post_uid":["8c52a303eb45514961d31892e019cc36","3587525bee7cd9dd9fe6dbb1ab966d76","6da8f5954fafd95bdf0e1bb26ea54e82","b7eb7ab1c956d5b88bd51293c7325ed8"]}},{"id":3430,"url":"https:\/\/gea-abp.mx\/wp-content\/uploads\/2020\/03\/Plasticos-biodegradables-GEA.jpg","name":"Plasticos-biodegradables-GEA.jpg","meta":{"brizy_attachment_uid":"wp-5c60856707e487ce29952b45590ce231","brizy_post_uid":["3587525bee7cd9dd9fe6dbb1ab966d76"]}}],"_links":{"self":[{"href":"https:\/\/gea-abp.mx\/index.php\/wp-json\/wp\/v2\/pages\/1615","targetHints":{"allow":["GET"]}}],"collection":[{"href":"https:\/\/gea-abp.mx\/index.php\/wp-json\/wp\/v2\/pages"}],"about":[{"href":"https:\/\/gea-abp.mx\/index.php\/wp-json\/wp\/v2\/types\/page"}],"author":[{"embeddable":true,"href":"https:\/\/gea-abp.mx\/index.php\/wp-json\/wp\/v2\/users\/2"}],"replies":[{"embeddable":true,"href":"https:\/\/gea-abp.mx\/index.php\/wp-json\/wp\/v2\/comments?post=1615"}],"version-history":[{"count":1,"href":"https:\/\/gea-abp.mx\/index.php\/wp-json\/wp\/v2\/pages\/1615\/revisions"}],"predecessor-version":[{"id":7255,"href":"https:\/\/gea-abp.mx\/index.php\/wp-json\/wp\/v2\/pages\/1615\/revisions\/7255"}],"wp:attachment":[{"href":"https:\/\/gea-abp.mx\/index.php\/wp-json\/wp\/v2\/media?parent=1615"}],"curies":[{"name":"wp","href":"https:\/\/api.w.org\/{rel}","templated":true}]}}